{"id":6837,"date":"2023-11-16T13:46:59","date_gmt":"2023-11-16T13:46:59","guid":{"rendered":"http:\/\/demo.wpzoom.com\/inspiro-lite-blocks-xml\/?page_id=6837"},"modified":"2024-09-27T18:41:43","modified_gmt":"2024-09-27T18:41:43","slug":"sobre-a-ademi","status":"publish","type":"page","link":"https:\/\/designideal.com.br\/ademi-niteroi\/sobre-a-ademi\/","title":{"rendered":"Sobre a Ademi"},"content":{"rendered":"\n<div class=\"wp-block-group is-style-default has-light-background-background-color has-background has-global-padding is-layout-constrained wp-container-core-group-is-layout-02ab25f7 wp-block-group-is-layout-constrained\" style=\"padding-top:60px;padding-bottom:60px;padding-left:0\">\n<div class=\"wp-block-group has-global-padding is-layout-constrained wp-block-group-is-layout-constrained\">\n<div class=\"wp-block-columns is-layout-flex wp-container-core-columns-is-layout-d7d455e7 wp-block-columns-is-layout-flex\" style=\"padding-top:0;padding-right:0;padding-bottom:0;padding-left:0\">\n<div class=\"wp-block-column is-vertically-aligned-top is-layout-flow wp-block-column-is-layout-flow\" style=\"flex-basis:50%\">\n<figure class=\"wp-block-image alignright size-large\"><img loading=\"lazy\" decoding=\"async\" width=\"1024\" height=\"950\" src=\"https:\/\/designideal.com.br\/ademi-niteroi\/wp-content\/uploads\/2024\/09\/img-sobre-1024x950.png\" alt=\"\" class=\"wp-image-7096\" srcset=\"https:\/\/designideal.com.br\/ademi-niteroi\/wp-content\/uploads\/2024\/09\/img-sobre-1024x950.png 1024w, https:\/\/designideal.com.br\/ademi-niteroi\/wp-content\/uploads\/2024\/09\/img-sobre-300x278.png 300w, https:\/\/designideal.com.br\/ademi-niteroi\/wp-content\/uploads\/2024\/09\/img-sobre.png 1145w\" sizes=\"auto, (max-width: 1024px) 100vw, 1024px\" \/><\/figure>\n<\/div>\n\n\n\n<div class=\"wp-block-column is-vertically-aligned-center is-layout-flow wp-block-column-is-layout-flow\" style=\"padding-left:var(--wp--preset--spacing--80);flex-basis:50%\">\n<p class=\"has-text-color\" style=\"color:#0bb4aa\">COMUNICANDO DESDE 1975<\/p>\n\n\n\n<h2 class=\"wp-block-heading has-large-font-size\">Somos a Ademi-Niter\u00f3i<\/h2>\n\n\n\n<p>Associa\u00e7\u00e3o das Empresas do Mercado Imobili\u00e1rio de Niter\u00f3i, fundada em 31 de agosto de 1972 e localizada \u00e0 Travessa 28 de Mar\u00e7o, n\u00ba 12, Centro, Niter\u00f3i, RJ, CEP 24210-000.<\/p>\n\n\n\n<p>Temos expectativa de poder se tornar um ve\u00edculo de comunica\u00e7\u00e3o e informa\u00e7\u00e3o a todos os profissionais interessados na \u00e1rea imobili\u00e1ria da Cidade de Niter\u00f3i.<\/p>\n<\/div>\n<\/div>\n<\/div>\n<\/div>\n\n\n\n<div class=\"wp-block-group has-global-padding is-layout-constrained wp-block-group-is-layout-constrained\"><\/div>\n\n\n\n<div id=\"team\" class=\"wp-block-group has-global-padding is-layout-constrained wp-block-group-is-layout-constrained\">\n<div id=\"diretoria\" class=\"wp-block-group is-layout-flow wp-block-group-is-layout-flow\">\n<h2 class=\"wp-block-heading has-large-font-size\">Nossa Equipe<\/h2>\n\n\n\n<p>A Diretoria, com mandato de 2024 a maio de 2026, \u00e9 composta dos seguintes executivos:<\/p>\n\n\n\n<p class=\"has-secondary-color has-text-color has-link-color wp-elements-4aebd15d8e659ad548d9bd4f0c5f3b73\">DIRETORIA<\/p>\n\n\n\n<div style=\"height:0px\" aria-hidden=\"true\" class=\"wp-block-spacer\"><\/div>\n\n\n\n<div class=\"wp-block-columns is-layout-flex wp-container-core-columns-is-layout-28f84493 wp-block-columns-is-layout-flex\">\n<div class=\"wp-block-column is-style-default is-layout-flow wp-block-column-is-layout-flow\" style=\"border-style:none;border-width:0px;padding-top:0;padding-right:0;padding-bottom:0;padding-left:0\">\n<figure class=\"wp-block-image size-full\"><img loading=\"lazy\" decoding=\"async\" width=\"479\" height=\"639\" src=\"https:\/\/designideal.com.br\/ademi-niteroi\/wp-content\/uploads\/2024\/09\/teste-diretoria.png\" alt=\"\" class=\"wp-image-7353\" srcset=\"https:\/\/designideal.com.br\/ademi-niteroi\/wp-content\/uploads\/2024\/09\/teste-diretoria.png 479w, https:\/\/designideal.com.br\/ademi-niteroi\/wp-content\/uploads\/2024\/09\/teste-diretoria-225x300.png 225w\" sizes=\"auto, (max-width: 479px) 100vw, 479px\" \/><\/figure>\n\n\n\n<h3 class=\"wp-block-heading\" id=\"aioseo-vinicius-maciel\"><strong>Julio Kezem de Mesquita<\/strong><\/h3>\n\n\n\n<p><mark style=\"background-color:rgba(0, 0, 0, 0)\" class=\"has-inline-color has-tertiary-color\">Presidente<\/mark><br>SOTER<\/p>\n<\/div>\n\n\n\n<div class=\"wp-block-column is-style-default is-layout-flow wp-block-column-is-layout-flow\" style=\"border-style:none;border-width:0px;padding-top:0;padding-right:0;padding-bottom:0;padding-left:0\">\n<figure class=\"wp-block-image size-full\"><img loading=\"lazy\" decoding=\"async\" width=\"479\" height=\"639\" src=\"https:\/\/designideal.com.br\/ademi-niteroi\/wp-content\/uploads\/2024\/09\/teste-diretoria.png\" alt=\"\" class=\"wp-image-7353\" srcset=\"https:\/\/designideal.com.br\/ademi-niteroi\/wp-content\/uploads\/2024\/09\/teste-diretoria.png 479w, https:\/\/designideal.com.br\/ademi-niteroi\/wp-content\/uploads\/2024\/09\/teste-diretoria-225x300.png 225w\" sizes=\"auto, (max-width: 479px) 100vw, 479px\" \/><\/figure>\n\n\n\n<h3 class=\"wp-block-heading\" id=\"aioseo-joaquim-andrade\"><strong>Joaquim Andrade<\/strong> Neto<\/h3>\n\n\n\n<p><mark style=\"background-color:rgba(0, 0, 0, 0)\" class=\"has-inline-color has-tertiary-color\">1\u00ba Vice-presidente, Rela\u00e7\u00f5es Externas<\/mark><br>JOAQUIN ANDRADE<\/p>\n<\/div>\n\n\n\n<div class=\"wp-block-column is-style-default is-layout-flow wp-block-column-is-layout-flow\" style=\"border-style:none;border-width:0px;padding-top:0;padding-right:0;padding-bottom:0;padding-left:0\">\n<figure class=\"wp-block-image size-full\"><img loading=\"lazy\" decoding=\"async\" width=\"479\" height=\"639\" src=\"https:\/\/designideal.com.br\/ademi-niteroi\/wp-content\/uploads\/2024\/09\/teste-diretoria.png\" alt=\"\" class=\"wp-image-7353\" srcset=\"https:\/\/designideal.com.br\/ademi-niteroi\/wp-content\/uploads\/2024\/09\/teste-diretoria.png 479w, https:\/\/designideal.com.br\/ademi-niteroi\/wp-content\/uploads\/2024\/09\/teste-diretoria-225x300.png 225w\" sizes=\"auto, (max-width: 479px) 100vw, 479px\" \/><\/figure>\n\n\n\n<h3 class=\"wp-block-heading\" id=\"aioseo-bruno-serpa-pinto\"><strong>Bruno Serpa Pinto<\/strong><\/h3>\n\n\n\n<p><mark style=\"background-color:rgba(0, 0, 0, 0)\" class=\"has-inline-color has-tertiary-color\">2\u00ba Vice-presidente, Rela\u00e7\u00f5es Internas<\/mark> <br>SPIN<\/p>\n<\/div>\n<\/div>\n\n\n\n<div class=\"wp-block-columns is-layout-flex wp-container-core-columns-is-layout-28f84493 wp-block-columns-is-layout-flex\">\n<div class=\"wp-block-column is-style-default is-layout-flow wp-block-column-is-layout-flow\" style=\"border-style:none;border-width:0px;padding-top:0;padding-right:0;padding-bottom:0;padding-left:0\">\n<h3 class=\"wp-block-heading\"><strong>Marcus Vin\u00edcius Alves<\/strong><\/h3>\n\n\n\n<p><mark style=\"background-color:rgba(0, 0, 0, 0)\" class=\"has-inline-color has-tertiary-color\">1\u00ba Diretor Secret\u00e1rio<\/mark><br>KREK<\/p>\n<\/div>\n\n\n\n<div class=\"wp-block-column is-style-default is-layout-flow wp-block-column-is-layout-flow\" style=\"border-style:none;border-width:0px;padding-top:0;padding-right:0;padding-bottom:0;padding-left:0\">\n<h3 class=\"wp-block-heading\"><strong>Vinicius Dimas Maciel<\/strong><\/h3>\n\n\n\n<p><mark style=\"background-color:rgba(0, 0, 0, 0)\" class=\"has-inline-color has-tertiary-color\">2\u00ba Secret\u00e1rio<\/mark><br>C. F. MACIEL<\/p>\n<\/div>\n\n\n\n<div class=\"wp-block-column is-style-default is-layout-flow wp-block-column-is-layout-flow\" style=\"border-style:none;border-width:0px;padding-top:0;padding-right:0;padding-bottom:0;padding-left:0\">\n<h3 class=\"wp-block-heading\"><strong>Jos\u00e9 Guilherme Serrano Cheim<\/strong><\/h3>\n\n\n\n<p><mark style=\"background-color:rgba(0, 0, 0, 0)\" class=\"has-inline-color has-tertiary-color\">Diretor T\u00e9cnico<\/mark><br>PROART<\/p>\n<\/div>\n<\/div>\n\n\n\n<div class=\"wp-block-columns is-layout-flex wp-container-core-columns-is-layout-28f84493 wp-block-columns-is-layout-flex\">\n<div class=\"wp-block-column is-style-default is-layout-flow wp-block-column-is-layout-flow\" style=\"border-style:none;border-width:0px;padding-top:0;padding-right:0;padding-bottom:0;padding-left:0\">\n<h3 class=\"wp-block-heading\"><strong>Andr\u00e9 Marujo Mendes<\/strong><\/h3>\n\n\n\n<p><mark style=\"background-color:rgba(0, 0, 0, 0)\" class=\"has-inline-color has-tertiary-color\">Diretor de Eventos<\/mark><br>CEU<\/p>\n<\/div>\n\n\n\n<div class=\"wp-block-column is-style-default is-layout-flow wp-block-column-is-layout-flow\" style=\"border-style:none;border-width:0px;padding-top:0;padding-right:0;padding-bottom:0;padding-left:0\">\n<h3 class=\"wp-block-heading\"><strong>Richar Sonsol<\/strong><\/h3>\n\n\n\n<p><mark style=\"background-color:rgba(0, 0, 0, 0)\" class=\"has-inline-color has-tertiary-color\">Diretor Administrativo Financeiro<\/mark><br>BACOS<\/p>\n<\/div>\n\n\n\n<div class=\"wp-block-column is-style-default is-layout-flow wp-block-column-is-layout-flow\" style=\"border-style:none;border-width:0px;padding-top:0;padding-right:0;padding-bottom:0;padding-left:0\">\n<h3 class=\"wp-block-heading\"><strong>Paulo Cheade&nbsp;<\/strong><\/h3>\n\n\n\n<p><mark style=\"background-color:rgba(0, 0, 0, 0)\" class=\"has-inline-color has-tertiary-color\">Diretor de Normas e Legisla\u00e7\u00e3o<\/mark><br>CHEADE ENG.<\/p>\n<\/div>\n<\/div>\n\n\n\n<p class=\"has-secondary-color has-text-color has-link-color wp-elements-9ec715162c4d5621a772211650a7d2d0\"><strong>CONSELHO FISCAL<\/strong><\/p>\n\n\n\n<div class=\"wp-block-columns is-layout-flex wp-container-core-columns-is-layout-28f84493 wp-block-columns-is-layout-flex\">\n<div class=\"wp-block-column is-style-default is-layout-flow wp-block-column-is-layout-flow\" style=\"border-style:none;border-width:0px;padding-top:0;padding-right:0;padding-bottom:0;padding-left:0\">\n<h3 class=\"wp-block-heading\">Naum Roberto Ryfer<\/h3>\n\n\n\n<p><mark style=\"background-color:rgba(0, 0, 0, 0)\" class=\"has-inline-color has-tertiary-color\">Presidente<\/mark><br>PIAL<\/p>\n<\/div>\n\n\n\n<div class=\"wp-block-column is-style-default is-layout-flow wp-block-column-is-layout-flow\" style=\"border-style:none;border-width:0px;padding-top:0;padding-right:0;padding-bottom:0;padding-left:0\">\n<h3 class=\"wp-block-heading\">Aluizio Monteiro Elvas Junior<\/h3>\n\n\n\n<p><mark style=\"background-color:rgba(0, 0, 0, 0)\" class=\"has-inline-color has-tertiary-color\">Membro Titular<\/mark><br>ELVAS<\/p>\n<\/div>\n\n\n\n<div class=\"wp-block-column is-style-default is-layout-flow wp-block-column-is-layout-flow\" style=\"border-style:none;border-width:0px;padding-top:0;padding-right:0;padding-bottom:0;padding-left:0\">\n<h3 class=\"wp-block-heading\">Reginaldo Gabry<\/h3>\n\n\n\n<p><mark style=\"background-color:rgba(0, 0, 0, 0)\" class=\"has-inline-color has-tertiary-color\">Membro Titular<\/mark><br>ITAUBA<\/p>\n<\/div>\n<\/div>\n\n\n\n<div class=\"wp-block-columns is-layout-flex wp-container-core-columns-is-layout-28f84493 wp-block-columns-is-layout-flex\">\n<div class=\"wp-block-column is-style-default is-layout-flow wp-block-column-is-layout-flow\" style=\"border-style:none;border-width:0px;padding-top:0;padding-right:0;padding-bottom:0;padding-left:0\">\n<h3 class=\"wp-block-heading\">Jean Pierre Biot<\/h3>\n\n\n\n<p><mark style=\"background-color:rgba(0, 0, 0, 0)\" class=\"has-inline-color has-tertiary-color\">Suplente<\/mark><br>JPR<\/p>\n<\/div>\n\n\n\n<div class=\"wp-block-column is-style-default is-layout-flow wp-block-column-is-layout-flow\" style=\"border-style:none;border-width:0px;padding-top:0;padding-right:0;padding-bottom:0;padding-left:0\">\n<h3 class=\"wp-block-heading\">Danielle Lagos<\/h3>\n\n\n\n<p><mark style=\"background-color:rgba(0, 0, 0, 0)\" class=\"has-inline-color has-tertiary-color\">Suplente<\/mark><br>DANIELLA LAGO ADVOGADOS<\/p>\n<\/div>\n\n\n\n<div class=\"wp-block-column is-style-default is-layout-flow wp-block-column-is-layout-flow\" style=\"border-style:none;border-width:0px;padding-top:0;padding-right:0;padding-bottom:0;padding-left:0\">\n<h3 class=\"wp-block-heading\">Felipe Romano<\/h3>\n\n\n\n<p><mark style=\"background-color:rgba(0, 0, 0, 0)\" class=\"has-inline-color has-tertiary-color\">Suplente<\/mark><br>Conviva<\/p>\n<\/div>\n<\/div>\n\n\n\n<p class=\"has-secondary-color has-text-color has-link-color wp-elements-61723d7f5862293ee4a09333a7bfa323\"><strong>CONSELHO CONSULTIVO<\/strong><\/p>\n\n\n\n<div class=\"wp-block-columns is-layout-flex wp-container-core-columns-is-layout-28f84493 wp-block-columns-is-layout-flex\">\n<div class=\"wp-block-column is-style-default is-layout-flow wp-block-column-is-layout-flow\" style=\"border-style:none;border-width:0px;padding-top:0;padding-right:0;padding-bottom:0;padding-left:0\">\n<h3 class=\"wp-block-heading\">Eduardo Serpa Pinto<\/h3>\n\n\n\n<p><mark style=\"background-color:rgba(0, 0, 0, 0)\" class=\"has-inline-color has-tertiary-color\">Presidente<\/mark><br>SELLING<\/p>\n<\/div>\n\n\n\n<div class=\"wp-block-column is-style-default is-layout-flow wp-block-column-is-layout-flow\" style=\"border-style:none;border-width:0px;padding-top:0;padding-right:0;padding-bottom:0;padding-left:0\">\n<h3 class=\"wp-block-heading\">Luiz Cl\u00e1udio Oliveira Moreira<\/h3>\n\n\n\n<p><mark style=\"background-color:rgba(0, 0, 0, 0)\" class=\"has-inline-color has-tertiary-color\">Conselheiro<\/mark><br>SELF ADM<\/p>\n<\/div>\n\n\n\n<div class=\"wp-block-column is-style-default is-layout-flow wp-block-column-is-layout-flow\" style=\"border-style:none;border-width:0px;padding-top:0;padding-right:0;padding-bottom:0;padding-left:0\">\n<h3 class=\"wp-block-heading\">Davi Palhas Saramago<\/h3>\n\n\n\n<p><mark style=\"background-color:rgba(0, 0, 0, 0)\" class=\"has-inline-color has-tertiary-color\">Conselheiro<\/mark><br>GIVER<\/p>\n<\/div>\n<\/div>\n\n\n\n<div class=\"wp-block-columns is-layout-flex wp-container-core-columns-is-layout-28f84493 wp-block-columns-is-layout-flex\">\n<div class=\"wp-block-column is-style-default is-layout-flow wp-block-column-is-layout-flow\" style=\"border-style:none;border-width:0px;padding-top:0;padding-right:0;padding-bottom:0;padding-left:0\">\n<h3 class=\"wp-block-heading\">Gustavo Lontra Amim<\/h3>\n\n\n\n<p><mark style=\"background-color:rgba(0, 0, 0, 0)\" class=\"has-inline-color has-tertiary-color\">Conselheiro<\/mark><br>AMIM<\/p>\n<\/div>\n\n\n\n<div class=\"wp-block-column is-style-default is-layout-flow wp-block-column-is-layout-flow\" style=\"border-style:none;border-width:0px;padding-top:0;padding-right:0;padding-bottom:0;padding-left:0\">\n<h3 class=\"wp-block-heading\">Jos\u00e9 Geraldo Rocha Pe\u00e7anha<\/h3>\n\n\n\n<p><mark style=\"background-color:rgba(0, 0, 0, 0)\" class=\"has-inline-color has-tertiary-color\">Conselheira<\/mark><br>TECCONSTRU<\/p>\n<\/div>\n\n\n\n<div class=\"wp-block-column is-style-default is-layout-flow wp-block-column-is-layout-flow\" style=\"border-style:none;border-width:0px;padding-top:0;padding-right:0;padding-bottom:0;padding-left:0\"><\/div>\n<\/div>\n\n\n\n<div style=\"height:100px\" aria-hidden=\"true\" class=\"wp-block-spacer\"><\/div>\n<\/div>\n<\/div>\n\n\n\n<div class=\"wp-block-group has-global-padding is-layout-constrained wp-block-group-is-layout-constrained\">\n<div class=\"wp-block-group is-layout-flow wp-block-group-is-layout-flow\">\n<hr class=\"wp-block-separator has-text-color has-lightgrey-color has-alpha-channel-opacity has-lightgrey-background-color has-background is-style-wide\"\/>\n\n\n\n<div class=\"wp-block-columns is-layout-flex wp-container-core-columns-is-layout-28f84493 wp-block-columns-is-layout-flex\">\n<div class=\"wp-block-column is-layout-flow wp-block-column-is-layout-flow\">\n<p class=\"has-text-align-left has-text-color\" style=\"color:#0bb4aa\">MANDATOS ANTERIORES<\/p>\n\n\n\n<div class=\"wp-block-columns is-layout-flex wp-container-core-columns-is-layout-28f84493 wp-block-columns-is-layout-flex\">\n<div class=\"wp-block-column is-layout-flow wp-block-column-is-layout-flow\">\n<div class=\"wp-block-buttons is-layout-flex wp-container-core-buttons-is-layout-9bedd9bf wp-block-buttons-is-layout-flex\">\n<div class=\"wp-block-button has-custom-width wp-block-button__width-75 is-style-outline is-style-outline--1\"><a class=\"wp-block-button__link wp-element-button\" href=\"https:\/\/designideal.com.br\/ademi-niteroi\/wp-content\/uploads\/2024\/09\/DIRETORIA-BIENIO-2024-A-2026.pdf\" target=\"_blank\" rel=\"noreferrer noopener\">&nbsp;Diretoria 2024\/2026<\/a><\/div>\n\n\n\n<div class=\"wp-block-button is-style-fill\"><a class=\"wp-block-button__link has-secondary-background-color has-background wp-element-button\"><img loading=\"lazy\" decoding=\"async\" width=\"16\" height=\"20\" class=\"wp-image-7141\" style=\"width: 16px;\" src=\"https:\/\/designideal.com.br\/ademi-niteroi\/wp-content\/uploads\/2024\/09\/ico-download-white.png\" alt=\"\"><\/a><\/div>\n<\/div>\n\n\n\n<div class=\"wp-block-buttons is-layout-flex wp-container-core-buttons-is-layout-9bedd9bf wp-block-buttons-is-layout-flex\">\n<div class=\"wp-block-button has-custom-width wp-block-button__width-75 is-style-outline is-style-outline--2\"><a class=\"wp-block-button__link wp-element-button\" href=\"https:\/\/designideal.com.br\/ademi-niteroi\/wp-content\/uploads\/2024\/09\/diretoria2022-2024.pdf\" target=\"_blank\" rel=\"noreferrer noopener\">&nbsp;Diretoria 2022\/2024&nbsp; <\/a><\/div>\n\n\n\n<div class=\"wp-block-button is-style-fill\"><a class=\"wp-block-button__link wp-element-button\"><img loading=\"lazy\" decoding=\"async\" width=\"16\" height=\"20\" class=\"wp-image-7141\" style=\"width: 16px;\" src=\"https:\/\/designideal.com.br\/ademi-niteroi\/wp-content\/uploads\/2024\/09\/ico-download-white.png\" alt=\"\"><\/a><\/div>\n<\/div>\n\n\n\n<div class=\"wp-block-buttons is-layout-flex wp-container-core-buttons-is-layout-9bedd9bf wp-block-buttons-is-layout-flex\">\n<div class=\"wp-block-button has-custom-width wp-block-button__width-75 is-style-outline is-style-outline--3\"><a class=\"wp-block-button__link wp-element-button\" href=\"https:\/\/designideal.com.br\/ademi-niteroi\/wp-content\/uploads\/2024\/09\/diretoria2020-2022.pdf\" target=\"_blank\" rel=\"noreferrer noopener\">&nbsp;Diretoria 2020\/2022<\/a><\/div>\n\n\n\n<div class=\"wp-block-button is-style-fill\"><a class=\"wp-block-button__link has-secondary-background-color has-background wp-element-button\"><img loading=\"lazy\" decoding=\"async\" width=\"16\" height=\"20\" class=\"wp-image-7141\" style=\"width: 16px;\" src=\"https:\/\/designideal.com.br\/ademi-niteroi\/wp-content\/uploads\/2024\/09\/ico-download-white.png\" alt=\"\"><\/a><\/div>\n<\/div>\n\n\n\n<div class=\"wp-block-buttons is-layout-flex wp-container-core-buttons-is-layout-9bedd9bf wp-block-buttons-is-layout-flex\">\n<div class=\"wp-block-button has-custom-width wp-block-button__width-75 is-style-outline is-style-outline--4\"><a class=\"wp-block-button__link wp-element-button\" href=\"https:\/\/designideal.com.br\/ademi-niteroi\/wp-content\/uploads\/2024\/09\/diretoria_2018_2020.pdf\" target=\"_blank\" rel=\"noreferrer noopener\">&nbsp;Diretoria 2018\/2020&nbsp; <\/a><\/div>\n\n\n\n<div class=\"wp-block-button is-style-fill\"><a class=\"wp-block-button__link wp-element-button\"><img loading=\"lazy\" decoding=\"async\" width=\"16\" height=\"20\" class=\"wp-image-7141\" style=\"width: 16px;\" src=\"https:\/\/designideal.com.br\/ademi-niteroi\/wp-content\/uploads\/2024\/09\/ico-download-white.png\" alt=\"\"><\/a><\/div>\n<\/div>\n\n\n\n<div class=\"wp-block-buttons is-layout-flex wp-container-core-buttons-is-layout-9bedd9bf wp-block-buttons-is-layout-flex\">\n<div class=\"wp-block-button has-custom-width wp-block-button__width-75 is-style-outline is-style-outline--5\"><a class=\"wp-block-button__link wp-element-button\" href=\"https:\/\/designideal.com.br\/ademi-niteroi\/wp-content\/uploads\/2024\/09\/eleicao_nova_diretoria.pdf\" target=\"_blank\" rel=\"noreferrer noopener\">&nbsp;Diretoria 2016\/2018<\/a><\/div>\n\n\n\n<div class=\"wp-block-button is-style-fill\"><a class=\"wp-block-button__link has-secondary-background-color has-background wp-element-button\"><img loading=\"lazy\" decoding=\"async\" width=\"16\" height=\"20\" class=\"wp-image-7141\" style=\"width: 16px;\" src=\"https:\/\/designideal.com.br\/ademi-niteroi\/wp-content\/uploads\/2024\/09\/ico-download-white.png\" alt=\"\"><\/a><\/div>\n<\/div>\n\n\n\n<p style=\"line-height:2.5\"><\/p>\n<\/div>\n\n\n\n<div class=\"wp-block-column is-layout-flow wp-block-column-is-layout-flow\">\n<div class=\"wp-block-buttons is-layout-flex wp-container-core-buttons-is-layout-9bedd9bf wp-block-buttons-is-layout-flex\">\n<div class=\"wp-block-button has-custom-width wp-block-button__width-75 is-style-outline is-style-outline--6\"><a class=\"wp-block-button__link wp-element-button\" href=\"https:\/\/designideal.com.br\/ademi-niteroi\/wp-content\/uploads\/2024\/09\/posse_presidente2016.pdf\" target=\"_blank\" rel=\"noreferrer noopener\">&nbsp;Discurso &#8211; Posse 2016<\/a><\/div>\n\n\n\n<div class=\"wp-block-button is-style-fill\"><a class=\"wp-block-button__link has-secondary-background-color has-background wp-element-button\"><img loading=\"lazy\" decoding=\"async\" width=\"16\" height=\"20\" class=\"wp-image-7141\" style=\"width: 16px;\" src=\"https:\/\/designideal.com.br\/ademi-niteroi\/wp-content\/uploads\/2024\/09\/ico-download-white.png\" alt=\"\"><\/a><\/div>\n<\/div>\n\n\n\n<div class=\"wp-block-buttons is-layout-flex wp-container-core-buttons-is-layout-9bedd9bf wp-block-buttons-is-layout-flex\">\n<div class=\"wp-block-button has-custom-width wp-block-button__width-75 is-style-outline is-style-outline--7\"><a class=\"wp-block-button__link wp-element-button\" href=\"https:\/\/designideal.com.br\/ademi-niteroi\/wp-content\/uploads\/2024\/09\/Presidencia_da_Ademi_desde.pdf\" target=\"_blank\" rel=\"noreferrer noopener\">Presid\u00eancia da Ademi desde o in\u00edcio <\/a><\/div>\n\n\n\n<div class=\"wp-block-button is-style-fill\"><a class=\"wp-block-button__link wp-element-button\"><img loading=\"lazy\" decoding=\"async\" width=\"16\" height=\"20\" class=\"wp-image-7141\" style=\"width: 16px;\" src=\"https:\/\/designideal.com.br\/ademi-niteroi\/wp-content\/uploads\/2024\/09\/ico-download-white.png\" alt=\"\"><\/a><\/div>\n<\/div>\n\n\n\n<div class=\"wp-block-buttons is-layout-flex wp-container-core-buttons-is-layout-9bedd9bf wp-block-buttons-is-layout-flex\">\n<div class=\"wp-block-button has-custom-width wp-block-button__width-75 is-style-outline is-style-outline--8\"><a class=\"wp-block-button__link wp-element-button\" href=\"https:\/\/designideal.com.br\/ademi-niteroi\/wp-content\/uploads\/2024\/09\/POSSE2012DISCURSO.pdf\" target=\"_blank\" rel=\"noreferrer noopener\">&nbsp;Discurso &#8211; Posse 2012<\/a><\/div>\n\n\n\n<div class=\"wp-block-button is-style-fill\"><a class=\"wp-block-button__link has-secondary-background-color has-background wp-element-button\"><img loading=\"lazy\" decoding=\"async\" width=\"16\" height=\"20\" class=\"wp-image-7141\" style=\"width: 16px;\" src=\"https:\/\/designideal.com.br\/ademi-niteroi\/wp-content\/uploads\/2024\/09\/ico-download-white.png\" alt=\"\"><\/a><\/div>\n<\/div>\n\n\n\n<p style=\"line-height:2.5\"><\/p>\n<\/div>\n<\/div>\n<\/div>\n<\/div>\n\n\n\n<div style=\"height:100px\" aria-hidden=\"true\" class=\"wp-block-spacer\"><\/div>\n<\/div>\n<\/div>\n\n\n\n<div class=\"wp-block-group alignfull has-background-background-color has-background has-global-padding is-layout-constrained wp-block-group-is-layout-constrained\" style=\"margin-top:0px;margin-bottom:0px;padding-top:var(--wp--preset--spacing--xx-large);padding-bottom:var(--wp--preset--spacing--xx-large)\">\n<div style=\"height:50px\" aria-hidden=\"true\" class=\"wp-block-spacer\"><\/div>\n\n\n\n<div class=\"wp-block-group has-global-padding is-layout-constrained wp-block-group-is-layout-constrained\">\n<h2 class=\"wp-block-heading has-text-align-center has-medium-font-size\" style=\"letter-spacing:1px\">VEM SER S\u00d3CIO ADEMI-NITER\u00d3I!<\/h2>\n\n\n\n<p class=\"has-text-align-center\">Confira as vantagens.<\/p>\n\n\n\n<div class=\"wp-block-buttons is-horizontal is-content-justification-center is-layout-flex wp-container-core-buttons-is-layout-03627597 wp-block-buttons-is-layout-flex\">\n<div class=\"wp-block-button has-custom-font-size is-style-fill has-small-font-size\"><a class=\"wp-block-button__link wp-element-button\" href=\"https:\/\/designideal.com.br\/ademi-niteroi\/seja-socio\/\" style=\"border-radius:0px\">SEJA S\u00d3CIO!<\/a><\/div>\n<\/div>\n<\/div>\n\n\n\n<div style=\"height:50px\" aria-hidden=\"true\" class=\"wp-block-spacer\"><\/div>\n<\/div>\n\n\n\n<p><\/p>\n","protected":false},"excerpt":{"rendered":"<p>COMUNICANDO DESDE 1975 Somos a Ademi-Niter\u00f3i Associa\u00e7\u00e3o das Empresas do Mercado Imobili\u00e1rio de Niter\u00f3i, fundada em 31 de agosto de 1972 e localizada \u00e0 Travessa 28 de Mar\u00e7o, n\u00ba 12, Centro, Niter\u00f3i, RJ, CEP 24210-000. Temos expectativa de poder se tornar um ve\u00edculo de comunica\u00e7\u00e3o e informa\u00e7\u00e3o a todos os profissionais interessados na \u00e1rea imobili\u00e1ria &hellip; <\/p>\n<p class=\"link-more\"><a href=\"https:\/\/designideal.com.br\/ademi-niteroi\/sobre-a-ademi\/\" class=\"more-link\">Leia mais<span class=\"screen-reader-text\"> &#8220;Sobre a Ademi&#8221;<\/span><\/a><\/p>\n","protected":false},"author":1,"featured_media":0,"parent":0,"menu_order":0,"comment_status":"closed","ping_status":"closed","template":"","meta":{"pgc_sgb_lightbox_settings":"","footnotes":""},"class_list":["post-6837","page","type-page","status-publish","hentry"],"aioseo_notices":[],"featured_media_urls":[],"_links":{"self":[{"href":"https:\/\/designideal.com.br\/ademi-niteroi\/wp-json\/wp\/v2\/pages\/6837","targetHints":{"allow":["GET"]}}],"collection":[{"href":"https:\/\/designideal.com.br\/ademi-niteroi\/wp-json\/wp\/v2\/pages"}],"about":[{"href":"https:\/\/designideal.com.br\/ademi-niteroi\/wp-json\/wp\/v2\/types\/page"}],"author":[{"embeddable":true,"href":"https:\/\/designideal.com.br\/ademi-niteroi\/wp-json\/wp\/v2\/users\/1"}],"replies":[{"embeddable":true,"href":"https:\/\/designideal.com.br\/ademi-niteroi\/wp-json\/wp\/v2\/comments?post=6837"}],"version-history":[{"count":22,"href":"https:\/\/designideal.com.br\/ademi-niteroi\/wp-json\/wp\/v2\/pages\/6837\/revisions"}],"predecessor-version":[{"id":7381,"href":"https:\/\/designideal.com.br\/ademi-niteroi\/wp-json\/wp\/v2\/pages\/6837\/revisions\/7381"}],"wp:attachment":[{"href":"https:\/\/designideal.com.br\/ademi-niteroi\/wp-json\/wp\/v2\/media?parent=6837"}],"curies":[{"name":"wp","href":"https:\/\/api.w.org\/{rel}","templated":true}]}}